{"id":18,"date":"2025-12-14T22:41:37","date_gmt":"2025-12-14T22:41:37","guid":{"rendered":"https:\/\/www.edf-kivu.org\/?page_id=18"},"modified":"2025-12-23T03:19:41","modified_gmt":"2025-12-23T03:19:41","slug":"publications","status":"publish","type":"page","link":"https:\/\/www.edf-kivu.org\/en\/publications\/","title":{"rendered":"Publications"},"content":{"rendered":"<ul class=\"wp-block-latest-posts__list has-dates has-author aligncenter wp-block-latest-posts\"><li><a class=\"wp-block-latest-posts__post-title\" href=\"https:\/\/www.edf-kivu.org\/en\/discrimination-envers-les-personnes-epileptiques-dans-le-camp-de-refugies-de-nakivale\/883\/https:\/www.edf-kivu.org\/\">Discrimination envers les personnes \u00e9pileptiques dans le camp de r\u00e9fugi\u00e9s de Nakivale<\/a><div class=\"wp-block-latest-posts__post-author\">by Kivuadmin<\/div><time datetime=\"2026-04-15T01:11:01+00:00\" class=\"wp-block-latest-posts__post-date\">April 15, 2026<\/time><div class=\"wp-block-latest-posts__post-excerpt\">Article de la DDH Mireille Bonyi Dans le camp de r\u00e9fugi\u00e9s de Nakivale, la situation des personnes vivant avec l\u2019\u00e9pilepsie demeure pr\u00e9occupante et largement ignor\u00e9e. \u00c0 travers mes observations de terrain et les t\u00e9moignages recueillis, il appara\u00eet clairement que ces personnes font face \u00e0 une discrimination persistante, aliment\u00e9e par la stigmatisation, l\u2019ignorance et des croyances erron\u00e9es. De nombreuses personnes \u00e9pileptiques sont victimes d\u2019exclusion sociale au sein m\u00eame de leur communaut\u00e9. Elles sont souvent consid\u00e9r\u00e9es comme poss\u00e9d\u00e9es, dangereuses ou porteuses de mal\u00e9diction. Cette perception entra\u00eene leur marginalisation, les emp\u00eachant de participer pleinement aux activit\u00e9s sociales, \u00e9ducatives et \u00e9conomiques du camp. Sur\u2026 <a class=\"wp-block-latest-posts__read-more\" href=\"https:\/\/www.edf-kivu.org\/en\/discrimination-envers-les-personnes-epileptiques-dans-le-camp-de-refugies-de-nakivale\/883\/https:\/www.edf-kivu.org\/\" rel=\"noopener noreferrer\">Read more<span class=\"screen-reader-text\">: Discrimination envers les personnes \u00e9pileptiques dans le camp de r\u00e9fugi\u00e9s de Nakivale<\/span><\/a><\/div><\/li>\n<li><a class=\"wp-block-latest-posts__post-title\" href=\"https:\/\/www.edf-kivu.org\/en\/violence-contre-une-activiste-des-droits-des-femmes-a-nakivale\/878\/https:\/www.edf-kivu.org\/\">Violence contre une activiste des droits des femmes \u00e0 Nakivale<\/a><div class=\"wp-block-latest-posts__post-author\">by Kivuadmin<\/div><time datetime=\"2026-04-15T00:43:09+00:00\" class=\"wp-block-latest-posts__post-date\">April 15, 2026<\/time><div class=\"wp-block-latest-posts__post-excerpt\">Par la defenseure de droits de la femme Faila Mulenzi L\u2019activiste Faila a r\u00e9cemment \u00e9t\u00e9 victime d\u2019une violente agression alors qu\u2019elle menait une mission de sensibilisation dans le camp de r\u00e9fugi\u00e9s de Nakivale. Engag\u00e9e dans la promotion de la parit\u00e9 et la lutte contre les violences faites aux femmes, elle intervenait aupr\u00e8s des femmes du camp pour les encourager \u00e0 d\u00e9noncer les abus et revendiquer leurs droits. \u00c0 l\u2019issue de cette activit\u00e9, alors qu\u2019elle regagnait son lieu de r\u00e9sidence, Faila a \u00e9t\u00e9 intercept\u00e9e par des \u00e9l\u00e9ments de la milice Nyatura. Ces derniers l\u2019ont violemment attaqu\u00e9e, lui infligeant de graves blessures\u2026 <a class=\"wp-block-latest-posts__read-more\" href=\"https:\/\/www.edf-kivu.org\/en\/violence-contre-une-activiste-des-droits-des-femmes-a-nakivale\/878\/https:\/www.edf-kivu.org\/\" rel=\"noopener noreferrer\">Read more<span class=\"screen-reader-text\">: Violence contre une activiste des droits des femmes \u00e0 Nakivale<\/span><\/a><\/div><\/li>\n<li><a class=\"wp-block-latest-posts__post-title\" href=\"https:\/\/www.edf-kivu.org\/en\/article-de-la-ddh-furaha-nshombosur-le-harcelement-sexuel-dans-les-taxis-a-nakivale-et-la-violation-des-droits-des-femmes\/873\/https:\/www.edf-kivu.org\/\">Article de la DDH Furaha NshomboSur le harc\u00e8lement sexuel dans les taxis \u00e0 Nakivale et la violation des droits des femmes<\/a><div class=\"wp-block-latest-posts__post-author\">by Kivuadmin<\/div><time datetime=\"2026-04-13T01:32:21+00:00\" class=\"wp-block-latest-posts__post-date\">April 13, 2026<\/time><div class=\"wp-block-latest-posts__post-excerpt\">Dans le camp de r\u00e9fugi\u00e9s de Nakivale, en Ouganda, les d\u00e9placements quotidiens \u00e0 bord des taxis collectifs sont devenus pour de nombreuses femmes une source d\u2019angoisse plut\u00f4t qu\u2019un service essentiel. Ce qui devrait \u00eatre un moyen de transport s\u00fbr et organis\u00e9 s\u2019est transform\u00e9 en un espace de surpopulation et de violations graves des droits humains. Normalement, ces taxis sont pr\u00e9vus pour transporter quatre passagers en plus du chauffeur. Cependant, dans la r\u00e9alit\u00e9 observ\u00e9e sur plusieurs trajets, ces v\u00e9hicules embarquent jusqu\u2019\u00e0 huit personnes ou plus, cr\u00e9ant une promiscuit\u00e9 extr\u00eame. Les passagers, hommes et femmes, sont entass\u00e9s sans aucun respect des normes\u2026 <a class=\"wp-block-latest-posts__read-more\" href=\"https:\/\/www.edf-kivu.org\/en\/article-de-la-ddh-furaha-nshombosur-le-harcelement-sexuel-dans-les-taxis-a-nakivale-et-la-violation-des-droits-des-femmes\/873\/https:\/www.edf-kivu.org\/\" rel=\"noopener noreferrer\">Read more<span class=\"screen-reader-text\">: Article de la DDH Furaha NshomboSur le harc\u00e8lement sexuel dans les taxis \u00e0 Nakivale et la violation des droits des femmes<\/span><\/a><\/div><\/li>\n<li><a class=\"wp-block-latest-posts__post-title\" href=\"https:\/\/www.edf-kivu.org\/en\/non-acces-des-refugies-aux-agents-du-hcr-dans-plusieurs-camps-en-ouganda-une-crise-silencieuse\/867\/https:\/www.edf-kivu.org\/\">Non-acc\u00e8s des r\u00e9fugi\u00e9s aux agents du HCR dans plusieurs camps en Ouganda : une crise silencieuse<\/a><div class=\"wp-block-latest-posts__post-author\">by Kivuadmin<\/div><time datetime=\"2026-04-13T00:39:33+00:00\" class=\"wp-block-latest-posts__post-date\">April 13, 2026<\/time><div class=\"wp-block-latest-posts__post-excerpt\">Par la d\u00e9fenseure des droits humains Machanga Hemedi Dans plusieurs camps de r\u00e9fugi\u00e9s en Ouganda, notamment Kyangwali, Nakivale, Kyaka II et Kiryandongo, une situation pr\u00e9occupante est largement d\u00e9nonc\u00e9e par les r\u00e9fugi\u00e9s : la difficult\u00e9 persistante, voire l\u2019impossibilit\u00e9, d\u2019acc\u00e9der aux agents du Haut-Commissariat des Nations Unies pour les r\u00e9fugi\u00e9s (HCR). Lors de diff\u00e9rentes visites dans ces camps, de nombreux r\u00e9fugi\u00e9s, en particulier des femmes, ont exprim\u00e9 leur frustration face \u00e0 un syst\u00e8me qu\u2019ils jugent de plus en plus inaccessible. Selon plusieurs t\u00e9moignages recueillis sur le terrain, certaines femmes affirment avoir tent\u00e9, sans succ\u00e8s, de joindre les agents du HCR depuis plus\u2026 <a class=\"wp-block-latest-posts__read-more\" href=\"https:\/\/www.edf-kivu.org\/en\/non-acces-des-refugies-aux-agents-du-hcr-dans-plusieurs-camps-en-ouganda-une-crise-silencieuse\/867\/https:\/www.edf-kivu.org\/\" rel=\"noopener noreferrer\">Read more<span class=\"screen-reader-text\">: Non-acc\u00e8s des r\u00e9fugi\u00e9s aux agents du HCR dans plusieurs camps en Ouganda : une crise silencieuse<\/span><\/a><\/div><\/li>\n<li><a class=\"wp-block-latest-posts__post-title\" href=\"https:\/\/www.edf-kivu.org\/en\/trois-defenseures-des-droits-humains-empechees-de-quitter-la-rdc-a-la-frontiere-de-bunagana\/861\/https:\/www.edf-kivu.org\/\">Trois d\u00e9fenseures des droits humains emp\u00each\u00e9es de quitter la RDC \u00e0 la fronti\u00e8re de Bunagana<\/a><div class=\"wp-block-latest-posts__post-author\">by Kivuadmin<\/div><time datetime=\"2026-04-12T23:49:14+00:00\" class=\"wp-block-latest-posts__post-date\">April 12, 2026<\/time><div class=\"wp-block-latest-posts__post-excerpt\">Par DDH Machozi Shabani Trois femmes activistes des droits humains, membres de l\u2019association EDF-Kivu, ont \u00e9t\u00e9 emp\u00each\u00e9es de quitter la R\u00e9publique d\u00e9mocratique du Congo ce dimanche 12 avril \u00e0 la fronti\u00e8re de Bunagana, reliant la RDC \u00e0 l\u2019Ouganda. Il s\u2019agit de Francine Kabuo, Florence Chibalonza et Raymonde Masika, toutes engag\u00e9es dans la d\u00e9fense des droits humains dans la r\u00e9gion de Beni. Selon les informations recueillies, ces trois d\u00e9fenseures faisaient face \u00e0 de graves menaces pesant sur leur vie dans la ville de Beni, ce qui les a contraintes \u00e0 envisager un d\u00e9part vers l\u2019Ouganda, o\u00f9 plusieurs autres activistes ont d\u00e9j\u00e0\u2026 <a class=\"wp-block-latest-posts__read-more\" href=\"https:\/\/www.edf-kivu.org\/en\/trois-defenseures-des-droits-humains-empechees-de-quitter-la-rdc-a-la-frontiere-de-bunagana\/861\/https:\/www.edf-kivu.org\/\" rel=\"noopener noreferrer\">Read more<span class=\"screen-reader-text\">: Trois d\u00e9fenseures des droits humains emp\u00each\u00e9es de quitter la RDC \u00e0 la fronti\u00e8re de Bunagana<\/span><\/a><\/div><\/li>\n<\/ul>\n\n\n<p><\/p>","protected":false},"excerpt":{"rendered":"","protected":false},"author":1,"featured_media":0,"parent":0,"menu_order":0,"comment_status":"closed","ping_status":"closed","template":"","meta":{"give_campaign_id":0,"site-sidebar-layout":"default","site-content-layout":"","ast-site-content-layout":"default","site-content-style":"default","site-sidebar-style":"default","ast-global-header-display":"","ast-banner-title-visibility":"","ast-main-header-display":"","ast-hfb-above-header-display":"","ast-hfb-below-header-display":"","ast-hfb-mobile-header-display":"","site-post-title":"disabled","ast-breadcrumbs-content":"","ast-featured-img":"","footer-sml-layout":"","ast-disable-related-posts":"","theme-transparent-header-meta":"","adv-header-id-meta":"","stick-header-meta":"","header-above-stick-meta":"","header-main-stick-meta":"","header-below-stick-meta":"","astra-migrate-meta-layouts":"default","ast-page-background-enabled":"default","ast-page-background-meta":{"desktop":{"background-color":"var(--ast-global-color-5)","background-image":"","background-repeat":"repeat","background-position":"center center","background-size":"auto","background-attachment":"scroll","background-type":"","background-media":"","overlay-type":"","overlay-color":"","overlay-opacity":"","overlay-gradient":""},"tablet":{"background-color":"","background-image":"","background-repeat":"repeat","background-position":"center center","background-size":"auto","background-attachment":"scroll","background-type":"","background-media":"","overlay-type":"","overlay-color":"","overlay-opacity":"","overlay-gradient":""},"mobile":{"background-color":"","background-image":"","background-repeat":"repeat","background-position":"center center","background-size":"auto","background-attachment":"scroll","background-type":"","background-media":"","overlay-type":"","overlay-color":"","overlay-opacity":"","overlay-gradient":""}},"ast-content-background-meta":{"desktop":{"background-color":"var(--ast-global-color-4)","background-image":"","background-repeat":"repeat","background-position":"center center","background-size":"auto","background-attachment":"scroll","background-type":"","background-media":"","overlay-type":"","overlay-color":"","overlay-opacity":"","overlay-gradient":""},"tablet":{"background-color":"var(--ast-global-color-4)","background-image":"","background-repeat":"repeat","background-position":"center center","background-size":"auto","background-attachment":"scroll","background-type":"","background-media":"","overlay-type":"","overlay-color":"","overlay-opacity":"","overlay-gradient":""},"mobile":{"background-color":"var(--ast-global-color-4)","background-image":"","background-repeat":"repeat","background-position":"center center","background-size":"auto","background-attachment":"scroll","background-type":"","background-media":"","overlay-type":"","overlay-color":"","overlay-opacity":"","overlay-gradient":""}},"footnotes":""},"class_list":["post-18","page","type-page","status-publish","hentry"],"campaignId":"","_links":{"self":[{"href":"https:\/\/www.edf-kivu.org\/en\/wp-json\/wp\/v2\/pages\/18","targetHints":{"allow":["GET"]}}],"collection":[{"href":"https:\/\/www.edf-kivu.org\/en\/wp-json\/wp\/v2\/pages"}],"about":[{"href":"https:\/\/www.edf-kivu.org\/en\/wp-json\/wp\/v2\/types\/page"}],"author":[{"embeddable":true,"href":"https:\/\/www.edf-kivu.org\/en\/wp-json\/wp\/v2\/users\/1"}],"replies":[{"embeddable":true,"href":"https:\/\/www.edf-kivu.org\/en\/wp-json\/wp\/v2\/comments?post=18"}],"version-history":[{"count":3,"href":"https:\/\/www.edf-kivu.org\/en\/wp-json\/wp\/v2\/pages\/18\/revisions"}],"predecessor-version":[{"id":196,"href":"https:\/\/www.edf-kivu.org\/en\/wp-json\/wp\/v2\/pages\/18\/revisions\/196"}],"wp:attachment":[{"href":"https:\/\/www.edf-kivu.org\/en\/wp-json\/wp\/v2\/media?parent=18"}],"curies":[{"name":"wp","href":"https:\/\/api.w.org\/{rel}","templated":true}]}}