{"id":14,"date":"2025-12-14T22:40:55","date_gmt":"2025-12-14T22:40:55","guid":{"rendered":"https:\/\/www.edf-kivu.org\/?page_id=14"},"modified":"2025-12-25T22:56:54","modified_gmt":"2025-12-25T22:56:54","slug":"constitution","status":"publish","type":"page","link":"https:\/\/www.edf-kivu.org\/fr\/constitution\/","title":{"rendered":"Constitution"},"content":{"rendered":"\t\t<div data-elementor-type=\"wp-page\" data-elementor-id=\"14\" class=\"elementor elementor-14\">\n\t\t\t\t<div class=\"elementor-element elementor-element-2cef632 e-flex e-con-boxed e-con e-parent\" data-id=\"2cef632\" data-element_type=\"container\" data-e-type=\"container\">\n\t\t\t\t\t<div class=\"e-con-inner\">\n\t\t\t\t<div class=\"elementor-element elementor-element-d8e1598 elementor-widget elementor-widget-heading\" data-id=\"d8e1598\" data-element_type=\"widget\" data-e-type=\"widget\" data-widget_type=\"heading.default\">\n\t\t\t\t\t<h2 class=\"elementor-heading-title elementor-size-default\">Article 1: D\u00e9nomination<\/h2>\t\t\t\t<\/div>\n\t\t\t\t<div class=\"elementor-element elementor-element-f322d49 elementor-widget elementor-widget-text-editor\" data-id=\"f322d49\" data-element_type=\"widget\" data-e-type=\"widget\" data-widget_type=\"text-editor.default\">\n\t\t\t\t\t\t\t\t\t<p>Il est cr\u00e9\u00e9 une organisation d\u00e9nomm\u00e9e EDF-KIVU\u00a0 Espoir et Dignit\u00e9 des Femmes \u2013 Kivu), ci-apr\u00e8s d\u00e9nomm\u00e9e \u00ab l\u2019Organisation \u00bb.<\/p>\t\t\t\t\t\t\t\t<\/div>\n\t\t\t\t<div class=\"elementor-element elementor-element-260c527 elementor-widget elementor-widget-heading\" data-id=\"260c527\" data-element_type=\"widget\" data-e-type=\"widget\" data-widget_type=\"heading.default\">\n\t\t\t\t\t<h2 class=\"elementor-heading-title elementor-size-default\">Article 2: Si\u00e8ge social<\/h2>\t\t\t\t<\/div>\n\t\t\t\t<div class=\"elementor-element elementor-element-0569006 elementor-widget elementor-widget-text-editor\" data-id=\"0569006\" data-element_type=\"widget\" data-e-type=\"widget\" data-widget_type=\"text-editor.default\">\n\t\t\t\t\t\t\t\t\t<p>Le si\u00e8ge social de l\u2019Organisation est situ\u00e9 au Sud-Kivu, \u00e0 Shabunda en R\u00e9publique D\u00e9mocratique du Congo.<\/p><p>Il peut \u00eatre transf\u00e9r\u00e9 par d\u00e9cision de l\u2019organe dirigeant<\/p>\t\t\t\t\t\t\t\t<\/div>\n\t\t\t\t<div class=\"elementor-element elementor-element-96c8d5b elementor-widget elementor-widget-heading\" data-id=\"96c8d5b\" data-element_type=\"widget\" data-e-type=\"widget\" data-widget_type=\"heading.default\">\n\t\t\t\t\t<h2 class=\"elementor-heading-title elementor-size-default\">Article 3: Nature et dur\u00e9e<\/h2>\t\t\t\t<\/div>\n\t\t\t\t<div class=\"elementor-element elementor-element-1405c8e elementor-widget elementor-widget-text-editor\" data-id=\"1405c8e\" data-element_type=\"widget\" data-e-type=\"widget\" data-widget_type=\"text-editor.default\">\n\t\t\t\t\t\t\t\t\t<p>EDF-KIVU est une organisation non gouvernementale, apolitique et \u00e0 but non lucratif, cr\u00e9\u00e9e pour une dur\u00e9e ind\u00e9termin\u00e9e.<\/p>\t\t\t\t\t\t\t\t<\/div>\n\t\t\t\t<div class=\"elementor-element elementor-element-13565bd elementor-widget elementor-widget-heading\" data-id=\"13565bd\" data-element_type=\"widget\" data-e-type=\"widget\" data-widget_type=\"heading.default\">\n\t\t\t\t\t<h2 class=\"elementor-heading-title elementor-size-default\">Article 4: Vision<\/h2>\t\t\t\t<\/div>\n\t\t\t\t<div class=\"elementor-element elementor-element-5b0a0cd elementor-widget elementor-widget-text-editor\" data-id=\"5b0a0cd\" data-element_type=\"widget\" data-e-type=\"widget\" data-widget_type=\"text-editor.default\">\n\t\t\t\t\t\t\t\t\t<p>Une soci\u00e9t\u00e9 o\u00f9 les droits humains, en particulier ceux des femmes, des enfants et des personnes vuln\u00e9rables, sont respect\u00e9s et prot\u00e9g\u00e9s.<\/p>\t\t\t\t\t\t\t\t<\/div>\n\t\t\t\t<div class=\"elementor-element elementor-element-4dd2f0a elementor-widget elementor-widget-heading\" data-id=\"4dd2f0a\" data-element_type=\"widget\" data-e-type=\"widget\" data-widget_type=\"heading.default\">\n\t\t\t\t\t<h2 class=\"elementor-heading-title elementor-size-default\">Article 5: Objectifs<\/h2>\t\t\t\t<\/div>\n\t\t\t\t<div class=\"elementor-element elementor-element-df07dec elementor-widget elementor-widget-text-editor\" data-id=\"df07dec\" data-element_type=\"widget\" data-e-type=\"widget\" data-widget_type=\"text-editor.default\">\n\t\t\t\t\t\t\t\t\t<p>L\u2019Organisation a pour objectifs de :<\/p><p>D\u00e9fendre et promouvoir les droits humains<\/p><p>Lutter contre les violences bas\u00e9es sur le genre<\/p><p>OProt\u00e9ger les droits des femmes et des enfants<\/p><p>Sensibiliser les communaut\u00e9s sur les droits fondamentaux<\/p><p>Appuyer les victimes par le plaidoyer et l\u2019accompagnement<\/p>\t\t\t\t\t\t\t\t<\/div>\n\t\t\t\t<div class=\"elementor-element elementor-element-c6414a8 elementor-widget elementor-widget-heading\" data-id=\"c6414a8\" data-element_type=\"widget\" data-e-type=\"widget\" data-widget_type=\"heading.default\">\n\t\t\t\t\t<h2 class=\"elementor-heading-title elementor-size-default\">Article 6: Activit\u00e9s<\/h2>\t\t\t\t<\/div>\n\t\t\t\t<div class=\"elementor-element elementor-element-9a76223 elementor-widget elementor-widget-text-editor\" data-id=\"9a76223\" data-element_type=\"widget\" data-e-type=\"widget\" data-widget_type=\"text-editor.default\">\n\t\t\t\t\t\t\t\t\t<p>Pour atteindre ses objectifs, EDF-KIVU peut :<\/p><p>Mener des campagnes de sensibilisation<\/p><p>R\u00e9diger des rapports et articles de plaidoyer<\/p><p>Organiser des formations communautaires<\/p><p>Collaborer avec des ONG et institutions humanitaires<\/p>\t\t\t\t\t\t\t\t<\/div>\n\t\t\t\t<div class=\"elementor-element elementor-element-f52ed70 elementor-widget elementor-widget-heading\" data-id=\"f52ed70\" data-element_type=\"widget\" data-e-type=\"widget\" data-widget_type=\"heading.default\">\n\t\t\t\t\t<h2 class=\"elementor-heading-title elementor-size-default\">Article 7: Membres<\/h2>\t\t\t\t<\/div>\n\t\t\t\t<div class=\"elementor-element elementor-element-34a51cf elementor-widget elementor-widget-text-editor\" data-id=\"34a51cf\" data-element_type=\"widget\" data-e-type=\"widget\" data-widget_type=\"text-editor.default\">\n\t\t\t\t\t\t\t\t\t<p>L\u2019Organisation est compos\u00e9e de :<\/p><p>Membres fondateurs<\/p><p>Membres actifs<\/p><p>Membres d\u2019honneur<\/p><p>Les conditions d\u2019adh\u00e9sion sont fix\u00e9es par le r\u00e8glement int\u00e9rieur.<\/p>\t\t\t\t\t\t\t\t<\/div>\n\t\t\t\t<div class=\"elementor-element elementor-element-c414a7f elementor-widget elementor-widget-heading\" data-id=\"c414a7f\" data-element_type=\"widget\" data-e-type=\"widget\" data-widget_type=\"heading.default\">\n\t\t\t\t\t<h2 class=\"elementor-heading-title elementor-size-default\">Article 8: Organes de l\u2019Organisation<\/h2>\t\t\t\t<\/div>\n\t\t\t\t<div class=\"elementor-element elementor-element-86f7e67 elementor-widget elementor-widget-text-editor\" data-id=\"86f7e67\" data-element_type=\"widget\" data-e-type=\"widget\" data-widget_type=\"text-editor.default\">\n\t\t\t\t\t\t\t\t\t<p>EDF-KIVU comprend :<\/p><p>L\u2019Assembl\u00e9e G\u00e9n\u00e9rale<\/p><p>Le Comit\u00e9 Ex\u00e9cutif<\/p><p>La Coordination<\/p>\t\t\t\t\t\t\t\t<\/div>\n\t\t\t\t<div class=\"elementor-element elementor-element-4c6a788 elementor-widget elementor-widget-heading\" data-id=\"4c6a788\" data-element_type=\"widget\" data-e-type=\"widget\" data-widget_type=\"heading.default\">\n\t\t\t\t\t<h2 class=\"elementor-heading-title elementor-size-default\">Article 9: Ressources<\/h2>\t\t\t\t<\/div>\n\t\t\t\t<div class=\"elementor-element elementor-element-62bde45 elementor-widget elementor-widget-text-editor\" data-id=\"62bde45\" data-element_type=\"widget\" data-e-type=\"widget\" data-widget_type=\"text-editor.default\">\n\t\t\t\t\t\t\t\t\t<p>Les ressources de l\u2019Organisation proviennent de :<\/p><p>Cotisations des membres<\/p><p>Dons et subventions<\/p><p>Partenariats<\/p><p>Activit\u00e9s l\u00e9gales de soutien<\/p>\t\t\t\t\t\t\t\t<\/div>\n\t\t\t\t<div class=\"elementor-element elementor-element-e3c2997 elementor-widget elementor-widget-heading\" data-id=\"e3c2997\" data-element_type=\"widget\" data-e-type=\"widget\" data-widget_type=\"heading.default\">\n\t\t\t\t\t<h2 class=\"elementor-heading-title elementor-size-default\">Article 10: Modification de la Constitution<\/h2>\t\t\t\t<\/div>\n\t\t\t\t<div class=\"elementor-element elementor-element-ef8eb2f elementor-widget elementor-widget-text-editor\" data-id=\"ef8eb2f\" data-element_type=\"widget\" data-e-type=\"widget\" data-widget_type=\"text-editor.default\">\n\t\t\t\t\t\t\t\t\t<p>La pr\u00e9sente Constitution peut \u00eatre modifi\u00e9e par l\u2019Assembl\u00e9e G\u00e9n\u00e9rale selon les proc\u00e9dures \u00e9tablies.<\/p>\t\t\t\t\t\t\t\t<\/div>\n\t\t\t\t<div class=\"elementor-element elementor-element-2d3d8dd elementor-widget elementor-widget-heading\" data-id=\"2d3d8dd\" data-element_type=\"widget\" data-e-type=\"widget\" data-widget_type=\"heading.default\">\n\t\t\t\t\t<h2 class=\"elementor-heading-title elementor-size-default\">Article 11: Dissolution<\/h2>\t\t\t\t<\/div>\n\t\t\t\t<div class=\"elementor-element elementor-element-3b194bd elementor-widget elementor-widget-text-editor\" data-id=\"3b194bd\" data-element_type=\"widget\" data-e-type=\"widget\" data-widget_type=\"text-editor.default\">\n\t\t\t\t\t\t\t\t\t<p>En cas de dissolution, les biens de l\u2019Organisation sont affect\u00e9s \u00e0 une organisation poursuivant des objectifs similaires.<\/p>\t\t\t\t\t\t\t\t<\/div>\n\t\t\t\t\t<\/div>\n\t\t\t\t<\/div>\n\t\t\t\t<\/div>\n\t\t","protected":false},"excerpt":{"rendered":"<p>Article 1: D\u00e9nomination Il est cr\u00e9\u00e9 une organisation d\u00e9nomm\u00e9e EDF-KIVU\u00a0 Espoir et Dignit\u00e9 des Femmes \u2013 Kivu), ci-apr\u00e8s d\u00e9nomm\u00e9e \u00ab [&hellip;]<\/p>\n","protected":false},"author":1,"featured_media":0,"parent":0,"menu_order":0,"comment_status":"closed","ping_status":"closed","template":"","meta":{"give_campaign_id":0,"site-sidebar-layout":"no-sidebar","site-content-layout":"","ast-site-content-layout":"full-width-container","site-content-style":"default","site-sidebar-style":"default","ast-global-header-display":"","ast-banner-title-visibility":"","ast-main-header-display":"","ast-hfb-above-header-display":"","ast-hfb-below-header-display":"","ast-hfb-mobile-header-display":"","site-post-title":"disabled","ast-breadcrumbs-content":"","ast-featured-img":"disabled","footer-sml-layout":"","ast-disable-related-posts":"","theme-transparent-header-meta":"","adv-header-id-meta":"","stick-header-meta":"","header-above-stick-meta":"","header-main-stick-meta":"","header-below-stick-meta":"","astra-migrate-meta-layouts":"default","ast-page-background-enabled":"default","ast-page-background-meta":{"desktop":{"background-color":"var(--ast-global-color-5)","background-image":"","background-repeat":"repeat","background-position":"center center","background-size":"auto","background-attachment":"scroll","background-type":"","background-media":"","overlay-type":"","overlay-color":"","overlay-opacity":"","overlay-gradient":""},"tablet":{"background-color":"","background-image":"","background-repeat":"repeat","background-position":"center center","background-size":"auto","background-attachment":"scroll","background-type":"","background-media":"","overlay-type":"","overlay-color":"","overlay-opacity":"","overlay-gradient":""},"mobile":{"background-color":"","background-image":"","background-repeat":"repeat","background-position":"center center","background-size":"auto","background-attachment":"scroll","background-type":"","background-media":"","overlay-type":"","overlay-color":"","overlay-opacity":"","overlay-gradient":""}},"ast-content-background-meta":{"desktop":{"background-color":"var(--ast-global-color-4)","background-image":"","background-repeat":"repeat","background-position":"center center","background-size":"auto","background-attachment":"scroll","background-type":"","background-media":"","overlay-type":"","overlay-color":"","overlay-opacity":"","overlay-gradient":""},"tablet":{"background-color":"var(--ast-global-color-4)","background-image":"","background-repeat":"repeat","background-position":"center center","background-size":"auto","background-attachment":"scroll","background-type":"","background-media":"","overlay-type":"","overlay-color":"","overlay-opacity":"","overlay-gradient":""},"mobile":{"background-color":"var(--ast-global-color-4)","background-image":"","background-repeat":"repeat","background-position":"center center","background-size":"auto","background-attachment":"scroll","background-type":"","background-media":"","overlay-type":"","overlay-color":"","overlay-opacity":"","overlay-gradient":""}},"footnotes":""},"class_list":["post-14","page","type-page","status-publish","hentry"],"campaignId":"","_links":{"self":[{"href":"https:\/\/www.edf-kivu.org\/fr\/wp-json\/wp\/v2\/pages\/14","targetHints":{"allow":["GET"]}}],"collection":[{"href":"https:\/\/www.edf-kivu.org\/fr\/wp-json\/wp\/v2\/pages"}],"about":[{"href":"https:\/\/www.edf-kivu.org\/fr\/wp-json\/wp\/v2\/types\/page"}],"author":[{"embeddable":true,"href":"https:\/\/www.edf-kivu.org\/fr\/wp-json\/wp\/v2\/users\/1"}],"replies":[{"embeddable":true,"href":"https:\/\/www.edf-kivu.org\/fr\/wp-json\/wp\/v2\/comments?post=14"}],"version-history":[{"count":23,"href":"https:\/\/www.edf-kivu.org\/fr\/wp-json\/wp\/v2\/pages\/14\/revisions"}],"predecessor-version":[{"id":618,"href":"https:\/\/www.edf-kivu.org\/fr\/wp-json\/wp\/v2\/pages\/14\/revisions\/618"}],"wp:attachment":[{"href":"https:\/\/www.edf-kivu.org\/fr\/wp-json\/wp\/v2\/media?parent=14"}],"curies":[{"name":"wp","href":"https:\/\/api.w.org\/{rel}","templated":true}]}}